{"id":2641,"date":"2025-11-13T16:09:23","date_gmt":"2025-11-13T15:09:23","guid":{"rendered":"https:\/\/www.metadestination.eu\/destination-du-registre\/"},"modified":"2025-11-25T16:36:04","modified_gmt":"2025-11-25T15:36:04","slug":"destination-du-registre","status":"publish","type":"page","link":"https:\/\/www.metadestination.eu\/fr\/destination-du-registre\/","title":{"rendered":"Destination du registre"},"content":{"rendered":"<div class=\"fusion-fullwidth fullwidth-box fusion-builder-row-1 fusion-flex-container has-pattern-background has-mask-background nonhundred-percent-fullwidth non-hundred-percent-height-scrolling\" style=\"--awb-border-radius-top-left:0px;--awb-border-radius-top-right:0px;--awb-border-radius-bottom-right:0px;--awb-border-radius-bottom-left:0px;--awb-flex-wrap:wrap;\" ><div class=\"fusion-builder-row fusion-row fusion-flex-align-items-center fusion-flex-justify-content-center fusion-flex-content-wrap\" style=\"max-width:1216.8px;margin-left: calc(-4% \/ 2 );margin-right: calc(-4% \/ 2 );\"><div class=\"fusion-layout-column fusion_builder_column fusion-builder-column-0 fusion_builder_column_1_1 1_1 fusion-flex-column\" style=\"--awb-bg-size:cover;--awb-width-large:100%;--awb-margin-top-large:15px;--awb-spacing-right-large:1.92%;--awb-margin-bottom-large:15px;--awb-spacing-left-large:1.92%;--awb-width-medium:100%;--awb-order-medium:0;--awb-spacing-right-medium:1.92%;--awb-spacing-left-medium:1.92%;--awb-width-small:100%;--awb-order-small:0;--awb-spacing-right-small:1.92%;--awb-spacing-left-small:1.92%;\"><div class=\"fusion-column-wrapper fusion-column-has-shadow fusion-flex-justify-content-flex-start fusion-content-layout-column\"><div class=\"fusion-title title fusion-title-1 fusion-sep-none fusion-title-center fusion-title-text fusion-title-size-two\" style=\"--awb-text-color:var(--awb-color6);--awb-margin-bottom:0px;--awb-font-size:42px;\"><h2 class=\"fusion-title-heading title-heading-center fusion-responsive-typography-calculated\" style=\"font-family:&quot;Inter&quot;;font-style:normal;font-weight:700;margin:0;text-transform:none;font-size:1em;--fontSize:42;line-height:1;\"><img decoding=\"async\" class=\"lazyload alignnone wp-image-1510\" src=\"data:image\/gif;base64,R0lGODlhAQABAAAAACH5BAEKAAEALAAAAAABAAEAAAICTAEAOw==\" data-orig-src=\"https:\/\/www.metadestination.eu\/wp-content\/uploads\/2025\/11\/favicon.svg\" alt=\"ast\u00e9risque\" width=\"35\">  Enregistrez votre destination<\/h2><\/div><\/div><\/div><div class=\"fusion-layout-column fusion_builder_column fusion-builder-column-1 fusion_builder_column_1_2 1_2 fusion-flex-column\" style=\"--awb-bg-size:cover;--awb-width-large:50%;--awb-margin-top-large:15px;--awb-spacing-right-large:3.84%;--awb-margin-bottom-large:15px;--awb-spacing-left-large:3.84%;--awb-width-medium:100%;--awb-order-medium:0;--awb-spacing-right-medium:1.92%;--awb-spacing-left-medium:1.92%;--awb-width-small:100%;--awb-order-small:0;--awb-spacing-right-small:1.92%;--awb-spacing-left-small:1.92%;\"><div class=\"fusion-column-wrapper fusion-column-has-shadow fusion-flex-justify-content-flex-start fusion-content-layout-column\"><div class=\"fusion-text fusion-text-1\">\n<div class=\"um um-register um-2782\">\n\t<div class=\"um-form\" data-mode=\"register\">\n\t\t<form method=\"post\" action=\"\">\n\t\t\t<div class=\"um-row _um_row_1 \" style=\"margin: 0 0 30px 0;\"><div class=\"um-col-1\"><div  id=\"um_field_2782_denominazione\" class=\"um-field um-field-text  um-field-denominazione um-field-text um-field-type_text\" data-key=\"denominazione\" data-max_chars=\"50\"><div class=\"um-field-label\"><label for=\"denominazione-2782\">Nom de la destination<span class=\"um-req\" title=\"Obligatoire\">*<\/span><\/label><div class=\"um-clear\"><\/div><\/div><div class=\"um-field-area\"><input  autocomplete=\"off\" class=\"um-form-field valid \" type=\"text\" name=\"denominazione-2782\" id=\"denominazione-2782\" value=\"\" placeholder=\"\" data-validate=\"\" data-key=\"denominazione\"  aria-invalid=\"false\" \/>\n\n\t\t\t\t\t\t<\/div><\/div><div  id=\"um_field_2782_destinazione_ente\" class=\"um-field um-field-text  um-field-destinazione_ente um-field-text um-field-type_text\" data-key=\"destinazione_ente\" data-max_chars=\"50\"><div class=\"um-field-label\"><label for=\"destinazione_ente-2782\">Organisation de r\u00e9f\u00e9rence<span class=\"um-req\" title=\"Obligatoire\">*<\/span><\/label><div class=\"um-clear\"><\/div><\/div><div class=\"um-field-area\"><input  autocomplete=\"off\" class=\"um-form-field valid \" type=\"text\" name=\"destinazione_ente-2782\" id=\"destinazione_ente-2782\" value=\"\" placeholder=\"\" data-validate=\"\" data-key=\"destinazione_ente\"  aria-invalid=\"false\" \/>\n\n\t\t\t\t\t\t<\/div><\/div><div  id=\"um_field_2782_destinazione_referente\" class=\"um-field um-field-text  um-field-destinazione_referente um-field-text um-field-type_text\" data-key=\"destinazione_referente\" data-max_chars=\"50\"><div class=\"um-field-label\"><label for=\"destinazione_referente-2782\">Personne<span class=\"um-req\" title=\"Obligatoire\">*<\/span><\/label><div class=\"um-clear\"><\/div><\/div><div class=\"um-field-area\"><input  autocomplete=\"off\" class=\"um-form-field valid \" type=\"text\" name=\"destinazione_referente-2782\" id=\"destinazione_referente-2782\" value=\"\" placeholder=\"\" data-validate=\"\" data-key=\"destinazione_referente\"  aria-invalid=\"false\" \/>\n\n\t\t\t\t\t\t<\/div><\/div><div  id=\"um_field_2782_destinazione_ruolo\" class=\"um-field um-field-text  um-field-destinazione_ruolo um-field-text um-field-type_text\" data-key=\"destinazione_ruolo\" data-max_chars=\"50\"><div class=\"um-field-label\"><label for=\"destinazione_ruolo-2782\">R\u00f4le de contact<\/label><div class=\"um-clear\"><\/div><\/div><div class=\"um-field-area\"><input  autocomplete=\"off\" class=\"um-form-field valid not-required \" type=\"text\" name=\"destinazione_ruolo-2782\" id=\"destinazione_ruolo-2782\" value=\"\" placeholder=\"\" data-validate=\"\" data-key=\"destinazione_ruolo\"  aria-invalid=\"false\" \/>\n\n\t\t\t\t\t\t<\/div><\/div><div  id=\"um_field_2782_user_email\" class=\"um-field um-field-text  um-field-user_email um-field-text um-field-type_text\" data-key=\"user_email\" data-max_chars=\"50\"><div class=\"um-field-label\"><label for=\"user_email-2782\">Messagerie \u00e9lectronique<span class=\"um-req\" title=\"Obligatoire\">*<\/span><\/label><div class=\"um-clear\"><\/div><\/div><div class=\"um-field-area\"><input  autocomplete=\"off\" class=\"um-form-field valid \" type=\"text\" name=\"user_email-2782\" id=\"user_email-2782\" value=\"\" placeholder=\"\" data-validate=\"unique_email\" data-key=\"user_email\"  aria-invalid=\"false\" \/>\n\n\t\t\t\t\t\t<\/div><\/div><div  id=\"um_field_2782_destinazione_telefono\" class=\"um-field um-field-text  um-field-destinazione_telefono um-field-text um-field-type_text\" data-key=\"destinazione_telefono\" data-max_chars=\"50\"><div class=\"um-field-label\"><label for=\"destinazione_telefono-2782\">Contact t\u00e9l\u00e9phonique<\/label><div class=\"um-clear\"><\/div><\/div><div class=\"um-field-area\"><input  autocomplete=\"off\" class=\"um-form-field valid not-required \" type=\"text\" name=\"destinazione_telefono-2782\" id=\"destinazione_telefono-2782\" value=\"\" placeholder=\"\" data-validate=\"\" data-key=\"destinazione_telefono\"  aria-invalid=\"false\" \/>\n\n\t\t\t\t\t\t<\/div><\/div><div  id=\"um_field_2782_destinazione_web\" class=\"um-field um-field-text  um-field-destinazione_web um-field-text um-field-type_text\" data-key=\"destinazione_web\" data-max_chars=\"50\"><div class=\"um-field-label\"><label for=\"destinazione_web-2782\">Site internet<\/label><div class=\"um-clear\"><\/div><\/div><div class=\"um-field-area\"><input  autocomplete=\"off\" class=\"um-form-field valid not-required \" type=\"text\" name=\"destinazione_web-2782\" id=\"destinazione_web-2782\" value=\"\" placeholder=\"\" data-validate=\"\" data-key=\"destinazione_web\"  aria-invalid=\"false\" \/>\n\n\t\t\t\t\t\t<\/div><\/div><div  id=\"um_field_2782_destinazione_descrizione\" class=\"um-field um-field-textarea  um-field-destinazione_descrizione um-field-textarea um-field-type_textarea\" data-key=\"destinazione_descrizione\" data-max_chars=\"3000\"><div class=\"um-field-label\"><label for=\"destinazione_descrizione-2782\">Br\u00e8ve description de la zone<span class=\"um-req\" title=\"Obligatoire\">*<\/span><\/label><div class=\"um-clear\"><\/div><\/div><div class=\"um-field-area\"><textarea    style=\"height: 100px;\" class=\"um-form-field valid \" name=\"destinazione_descrizione\" id=\"destinazione_descrizione\" placeholder=\"\"  aria-invalid=\"false\" ><\/textarea><\/div><\/div><div  id=\"um_field_2782_destinazione_motivazione\" class=\"um-field um-field-radio  um-field-destinazione_motivazione um-field-radio um-field-type_radio\" data-key=\"destinazione_motivazione\"  aria-invalid=\"false\" ><div class=\"um-field-area\"><label class=\"um-field-radio  um-field-half \"><input  type=\"radio\" name=\"destinazione_motivazione[]\" value=\"Devenir une destination multiplateforme et lancer de nouvelles collaborations\"  \/><span class=\"um-field-radio-state\"><i class=\"um-icon-android-radio-button-off\"><\/i><\/span><span class=\"um-field-radio-option\">Devenir une destination multiplateforme et lancer de nouvelles collaborations<\/span><\/label><label class=\"um-field-radio  um-field-half  right \"><input  type=\"radio\" name=\"destinazione_motivazione[]\" value=\"Renforcer et renforcer le r\u00f4le de la destination multiplateforme\"  \/><span class=\"um-field-radio-state\"><i class=\"um-icon-android-radio-button-off\"><\/i><\/span><span class=\"um-field-radio-option\">Renforcer et renforcer le r\u00f4le de la destination multiplateforme<\/span><\/label><div class=\"um-clear\"><\/div><div class=\"um-clear\"><\/div><\/div><\/div><div  class=\"um-field um-field-divider  um-field-divider um-field-type_divider\" data-key=\"um_divider_1903_6\" style=\"border-bottom:4px solid #eeeeee;\"><\/div><div  id=\"um_field_2782_user_login\" class=\"um-field um-field-text  um-field-user_login um-field-text um-field-type_text\" data-key=\"user_login\" data-max_chars=\"25\"><div class=\"um-field-label\"><label for=\"user_login-2782\">Nom d&#039;utilisateur<span class=\"um-req\" title=\"Obligatoire\">*<\/span><\/label><div class=\"um-clear\"><\/div><\/div><div class=\"um-field-area\"><input  autocomplete=\"off\" class=\"um-form-field valid \" type=\"text\" name=\"user_login-2782\" id=\"user_login-2782\" value=\"\" placeholder=\"\" data-validate=\"unique_username\" data-key=\"user_login\"  aria-invalid=\"false\" \/>\n\n\t\t\t\t\t\t<\/div><\/div><div  id=\"um_field_2782_user_password\" class=\"um-field um-field-password  um-field-user_password um-field-password um-field-type_password\" data-key=\"user_password\" data-max_chars=\"25\"><div class=\"um-field-label\"><label for=\"user_password-2782\">Mot de passe<span class=\"um-req\" title=\"Obligatoire\">*<\/span><\/label><div class=\"um-clear\"><\/div><\/div><div class=\"um-field-area\"><div class=\"um-field-area-password\">\n\t\t\t\t\t\t\t\t\t<input class=\"um-form-field valid \" type=\"password\" name=\"user_password-2782\" id=\"user_password-2782\" value=\"\" placeholder=\"\" data-validate=\"\" data-key=\"user_password\"  aria-invalid=\"false\" \/>\n\t\t\t\t\t\t\t\t\t<span class=\"um-toggle-password\"><i class=\"um-icon-eye\"><\/i><\/span>\n\t\t\t\t\t\t\t\t<\/div>\n\t\t\t\t\t\t\t<\/div><\/div><div  id=\"um_field_2782_confirm_user_password\" class=\"um-field um-field-password  um-field-user_password um-field-password um-field-type_password\" data-key=\"confirm_user_password\" data-max_chars=\"25\"><div class=\"um-field-label\"><label for=\"confirm_user_password-2782\">Confirmer le Mot de passe<span class=\"um-req\" title=\"Obligatoire\">*<\/span><\/label><div class=\"um-clear\"><\/div><\/div><div class=\"um-field-area\"><div class=\"um-field-area-password\"><input class=\"um-form-field valid \" type=\"password\" name=\"confirm_user_password-2782\" id=\"confirm_user_password-2782\" value=\"\" placeholder=\"Confirmer le Mot de passe\" data-validate=\"\" data-key=\"confirm_user_password\"  aria-invalid=\"false\" \/><span class=\"um-toggle-password\"><i class=\"um-icon-eye\"><\/i><\/span><\/div><\/div><\/div><div  class=\"um-field um-field-divider  um-field-divider um-field-type_divider\" data-key=\"um_divider_1903_6_14\" style=\"border-bottom:4px solid #eeeeee;\"><\/div><div  id=\"um_field_2782_informativa\" class=\"um-field um-field-checkbox  um-field-informativa um-field-checkbox um-field-type_checkbox\" data-key=\"informativa\"  aria-invalid=\"false\" ><div class=\"um-field-area\"><label class=\"um-field-checkbox  um-field-half  um-field-radio-state-disabled\"><input   type=\"checkbox\" name=\"informativa[]\" value=\"Je d\u00e9clare avoir lu et compris la politique de confidentialit\u00e9, et que je consens au traitement des donn\u00e9es conform\u00e9ment au R\u00e8glement (UE) 2016\/679 (RGPD).\"  \/><span class=\"um-field-checkbox-state\"><i class=\"um-icon-android-checkbox-outline-blank\"><\/i><\/span><span class=\"um-field-checkbox-option\">Je d\u00e9clare avoir lu et compris la politique de confidentialit\u00e9, et que je consens au traitement des donn\u00e9es conform\u00e9ment au R\u00e8glement (UE) 2016\/679 (RGPD).<\/span><\/label><div class=\"um-clear\"><\/div><\/div><\/div><div  id=\"um_field_2782_autovalutazione\" class=\"um-field um-field-checkbox  um-field-autovalutazione um-field-checkbox um-field-type_checkbox\" data-key=\"autovalutazione\"  aria-invalid=\"false\" ><div class=\"um-field-area\"><label class=\"um-field-checkbox  um-field-half  um-field-radio-state-disabled\"><input   type=\"checkbox\" name=\"autovalutazione[]\" value=\"J&#039;accepte de rejoindre le r\u00e9seau META-DEST et j&#039;autorise l&#039;utilisation des informations fournies exclusivement pour l&#039;exploitation de la plateforme et pour le r\u00e9seautage avec les entreprises.\"  \/><span class=\"um-field-checkbox-state\"><i class=\"um-icon-android-checkbox-outline-blank\"><\/i><\/span><span class=\"um-field-checkbox-option\">J&#039;accepte de rejoindre le r\u00e9seau META-DEST et j&#039;autorise l&#039;utilisation des informations fournies exclusivement pour l&#039;exploitation de la plateforme et pour le r\u00e9seautage avec les entreprises.<\/span><\/label><div class=\"um-clear\"><\/div><\/div><\/div><div  id=\"um_field_2782_pubblicazione\" class=\"um-field um-field-checkbox  um-field-pubblicazione um-field-checkbox um-field-type_checkbox\" data-key=\"pubblicazione\"  aria-invalid=\"false\" ><div class=\"um-field-area\"><label class=\"um-field-checkbox  um-field-half  um-field-radio-state-disabled\"><input   type=\"checkbox\" name=\"pubblicazione[]\" value=\"Je consens \u00e0 la publication des donn\u00e9es incluses dans la carte officielle META-DEST, si elles sont jug\u00e9es conformes aux objectifs de la cartographie.\"  \/><span class=\"um-field-checkbox-state\"><i class=\"um-icon-android-checkbox-outline-blank\"><\/i><\/span><span class=\"um-field-checkbox-option\">Je consens \u00e0 la publication des donn\u00e9es incluses dans la carte officielle META-DEST, si elles sont jug\u00e9es conformes aux objectifs de la cartographie.<\/span><\/label><div class=\"um-clear\"><\/div><\/div><\/div><\/div><\/div>\t<input type=\"hidden\" name=\"form_id\" id=\"form_id_2782\" value=\"2782\" \/>\n\t\t<p class=\"um_request_name\">\n\t\t<label for=\"um_request_2782\">Only fill in if you are not human<\/label>\n\t\t<input type=\"hidden\" name=\"um_request\" id=\"um_request_2782\" class=\"input\" value=\"\" size=\"25\" autocomplete=\"off\" \/>\n\t<\/p>\n\t<input type=\"hidden\" id=\"_wpnonce\" name=\"_wpnonce\" value=\"88fd197dbb\" \/><input type=\"hidden\" name=\"_wp_http_referer\" value=\"\/fr\/wp-json\/wp\/v2\/pages\/2641\" \/>R\u00e9solvez cette t\u00e2che simple: 6 + 9 = ?<input  type='text'  name='captcha' value=''\/>\n\t<div class=\"um-col-alt\">\n\n\t\t\n\t\t\t<div class=\"um-left um-half\">\n\t\t\t\t<input type=\"submit\" value=\"Recommand\u00e9\" class=\"um-button\" id=\"um-submit-btn\" \/>\n\t\t\t<\/div>\n\t\t\t<div class=\"um-right um-half\">\n\t\t\t\t<a href=\"https:\/\/www.metadestination.eu\/fr\/connexion\/\" class=\"um-button um-alt\">\n\t\t\t\t\tS'identifier\t\t\t\t<\/a>\n\t\t\t<\/div>\n\n\t\t\n\t\t<div class=\"um-clear\"><\/div>\n\n\t<\/div>\n\n\t\t\t<\/form>\n\t<\/div>\n<\/div>\n<style>\n\t\t\t.um-2782.um {\n\t\t\tmax-width: 1000;\n\t\t}\n\t\t<\/style>\n\n<\/div><\/div><\/div><\/div><\/div>\n","protected":false},"excerpt":{"rendered":"","protected":false},"author":1,"featured_media":0,"parent":0,"menu_order":0,"comment_status":"closed","ping_status":"closed","template":"100-width.php","meta":{"_acf_changed":false,"footnotes":""},"class_list":["post-2641","page","type-page","status-publish","hentry"],"acf":[],"yoast_head":"<!-- This site is optimized with the Yoast SEO plugin v26.4 - https:\/\/yoast.com\/wordpress\/plugins\/seo\/ -->\n<title>Destination du registre - MetaDest<\/title>\n<meta name=\"robots\" content=\"index, follow, max-snippet:-1, max-image-preview:large, max-video-preview:-1\" \/>\n<link rel=\"canonical\" href=\"https:\/\/www.metadestination.eu\/fr\/destination-du-registre\/\" \/>\n<meta property=\"og:locale\" content=\"fr_FR\" \/>\n<meta property=\"og:type\" content=\"article\" \/>\n<meta property=\"og:title\" content=\"Destination du registre - MetaDest\" \/>\n<meta property=\"og:url\" content=\"https:\/\/www.metadestination.eu\/fr\/destination-du-registre\/\" \/>\n<meta property=\"og:site_name\" content=\"MetaDest\" \/>\n<meta property=\"article:modified_time\" content=\"2025-11-25T15:36:04+00:00\" \/>\n<meta property=\"og:image\" content=\"https:\/\/www.metadestination.eu\/wp-content\/uploads\/2025\/11\/favicon.svg\" \/>\n<meta name=\"twitter:card\" content=\"summary_large_image\" \/>\n<meta name=\"twitter:label1\" content=\"Dur\u00e9e de lecture estim\u00e9e\" \/>\n\t<meta name=\"twitter:data1\" content=\"9 minutes\" \/>\n<script type=\"application\/ld+json\" class=\"yoast-schema-graph\">{\"@context\":\"https:\/\/schema.org\",\"@graph\":[{\"@type\":\"WebPage\",\"@id\":\"https:\/\/www.metadestination.eu\/fr\/destination-du-registre\/\",\"url\":\"https:\/\/www.metadestination.eu\/fr\/destination-du-registre\/\",\"name\":\"Destination du registre - MetaDest\",\"isPartOf\":{\"@id\":\"https:\/\/www.metadestination.eu\/#website\"},\"primaryImageOfPage\":{\"@id\":\"https:\/\/www.metadestination.eu\/fr\/destination-du-registre\/#primaryimage\"},\"image\":{\"@id\":\"https:\/\/www.metadestination.eu\/fr\/destination-du-registre\/#primaryimage\"},\"thumbnailUrl\":\"https:\/\/www.metadestination.eu\/wp-content\/uploads\/2025\/11\/favicon.svg\",\"datePublished\":\"2025-11-13T15:09:23+00:00\",\"dateModified\":\"2025-11-25T15:36:04+00:00\",\"breadcrumb\":{\"@id\":\"https:\/\/www.metadestination.eu\/fr\/destination-du-registre\/#breadcrumb\"},\"inLanguage\":\"fr-FR\",\"potentialAction\":[{\"@type\":\"ReadAction\",\"target\":[\"https:\/\/www.metadestination.eu\/fr\/destination-du-registre\/\"]}]},{\"@type\":\"ImageObject\",\"inLanguage\":\"fr-FR\",\"@id\":\"https:\/\/www.metadestination.eu\/fr\/destination-du-registre\/#primaryimage\",\"url\":\"https:\/\/www.metadestination.eu\/wp-content\/uploads\/2025\/11\/favicon.svg\",\"contentUrl\":\"https:\/\/www.metadestination.eu\/wp-content\/uploads\/2025\/11\/favicon.svg\"},{\"@type\":\"BreadcrumbList\",\"@id\":\"https:\/\/www.metadestination.eu\/fr\/destination-du-registre\/#breadcrumb\",\"itemListElement\":[{\"@type\":\"ListItem\",\"position\":1,\"name\":\"Home\",\"item\":\"https:\/\/www.metadestination.eu\/fr\/home\/\"},{\"@type\":\"ListItem\",\"position\":2,\"name\":\"Destination du registre\"}]},{\"@type\":\"WebSite\",\"@id\":\"https:\/\/www.metadestination.eu\/#website\",\"url\":\"https:\/\/www.metadestination.eu\/\",\"name\":\"MetaDest\",\"description\":\"\",\"potentialAction\":[{\"@type\":\"SearchAction\",\"target\":{\"@type\":\"EntryPoint\",\"urlTemplate\":\"https:\/\/www.metadestination.eu\/?s={search_term_string}\"},\"query-input\":{\"@type\":\"PropertyValueSpecification\",\"valueRequired\":true,\"valueName\":\"search_term_string\"}}],\"inLanguage\":\"fr-FR\"}]}<\/script>\n<!-- \/ Yoast SEO plugin. -->","yoast_head_json":{"title":"Destination du registre - MetaDest","robots":{"index":"index","follow":"follow","max-snippet":"max-snippet:-1","max-image-preview":"max-image-preview:large","max-video-preview":"max-video-preview:-1"},"canonical":"https:\/\/www.metadestination.eu\/fr\/destination-du-registre\/","og_locale":"fr_FR","og_type":"article","og_title":"Destination du registre - MetaDest","og_url":"https:\/\/www.metadestination.eu\/fr\/destination-du-registre\/","og_site_name":"MetaDest","article_modified_time":"2025-11-25T15:36:04+00:00","og_image":[{"url":"https:\/\/www.metadestination.eu\/wp-content\/uploads\/2025\/11\/favicon.svg","type":"","width":"","height":""}],"twitter_card":"summary_large_image","twitter_misc":{"Dur\u00e9e de lecture estim\u00e9e":"9 minutes"},"schema":{"@context":"https:\/\/schema.org","@graph":[{"@type":"WebPage","@id":"https:\/\/www.metadestination.eu\/fr\/destination-du-registre\/","url":"https:\/\/www.metadestination.eu\/fr\/destination-du-registre\/","name":"Destination du registre - MetaDest","isPartOf":{"@id":"https:\/\/www.metadestination.eu\/#website"},"primaryImageOfPage":{"@id":"https:\/\/www.metadestination.eu\/fr\/destination-du-registre\/#primaryimage"},"image":{"@id":"https:\/\/www.metadestination.eu\/fr\/destination-du-registre\/#primaryimage"},"thumbnailUrl":"https:\/\/www.metadestination.eu\/wp-content\/uploads\/2025\/11\/favicon.svg","datePublished":"2025-11-13T15:09:23+00:00","dateModified":"2025-11-25T15:36:04+00:00","breadcrumb":{"@id":"https:\/\/www.metadestination.eu\/fr\/destination-du-registre\/#breadcrumb"},"inLanguage":"fr-FR","potentialAction":[{"@type":"ReadAction","target":["https:\/\/www.metadestination.eu\/fr\/destination-du-registre\/"]}]},{"@type":"ImageObject","inLanguage":"fr-FR","@id":"https:\/\/www.metadestination.eu\/fr\/destination-du-registre\/#primaryimage","url":"https:\/\/www.metadestination.eu\/wp-content\/uploads\/2025\/11\/favicon.svg","contentUrl":"https:\/\/www.metadestination.eu\/wp-content\/uploads\/2025\/11\/favicon.svg"},{"@type":"BreadcrumbList","@id":"https:\/\/www.metadestination.eu\/fr\/destination-du-registre\/#breadcrumb","itemListElement":[{"@type":"ListItem","position":1,"name":"Home","item":"https:\/\/www.metadestination.eu\/fr\/home\/"},{"@type":"ListItem","position":2,"name":"Destination du registre"}]},{"@type":"WebSite","@id":"https:\/\/www.metadestination.eu\/#website","url":"https:\/\/www.metadestination.eu\/","name":"MetaDest","description":"","potentialAction":[{"@type":"SearchAction","target":{"@type":"EntryPoint","urlTemplate":"https:\/\/www.metadestination.eu\/?s={search_term_string}"},"query-input":{"@type":"PropertyValueSpecification","valueRequired":true,"valueName":"search_term_string"}}],"inLanguage":"fr-FR"}]}},"_links":{"self":[{"href":"https:\/\/www.metadestination.eu\/fr\/wp-json\/wp\/v2\/pages\/2641","targetHints":{"allow":["GET"]}}],"collection":[{"href":"https:\/\/www.metadestination.eu\/fr\/wp-json\/wp\/v2\/pages"}],"about":[{"href":"https:\/\/www.metadestination.eu\/fr\/wp-json\/wp\/v2\/types\/page"}],"author":[{"embeddable":true,"href":"https:\/\/www.metadestination.eu\/fr\/wp-json\/wp\/v2\/users\/1"}],"replies":[{"embeddable":true,"href":"https:\/\/www.metadestination.eu\/fr\/wp-json\/wp\/v2\/comments?post=2641"}],"version-history":[{"count":3,"href":"https:\/\/www.metadestination.eu\/fr\/wp-json\/wp\/v2\/pages\/2641\/revisions"}],"predecessor-version":[{"id":2784,"href":"https:\/\/www.metadestination.eu\/fr\/wp-json\/wp\/v2\/pages\/2641\/revisions\/2784"}],"wp:attachment":[{"href":"https:\/\/www.metadestination.eu\/fr\/wp-json\/wp\/v2\/media?parent=2641"}],"curies":[{"name":"wp","href":"https:\/\/api.w.org\/{rel}","templated":true}]}}