{"id":2644,"date":"2025-11-12T16:04:55","date_gmt":"2025-11-12T15:04:55","guid":{"rendered":"https:\/\/www.metadestination.eu\/enregistrer-lentreprise\/"},"modified":"2025-11-25T17:03:12","modified_gmt":"2025-11-25T16:03:12","slug":"enregistrer-lentreprise","status":"publish","type":"page","link":"https:\/\/www.metadestination.eu\/fr\/enregistrer-lentreprise\/","title":{"rendered":"Enregistrer l&#8217;entreprise"},"content":{"rendered":"<div class=\"fusion-fullwidth fullwidth-box fusion-builder-row-1 fusion-flex-container has-pattern-background has-mask-background nonhundred-percent-fullwidth non-hundred-percent-height-scrolling\" style=\"--awb-border-radius-top-left:0px;--awb-border-radius-top-right:0px;--awb-border-radius-bottom-right:0px;--awb-border-radius-bottom-left:0px;--awb-flex-wrap:wrap;\" ><div class=\"fusion-builder-row fusion-row fusion-flex-align-items-center fusion-flex-justify-content-center fusion-flex-content-wrap\" style=\"max-width:1216.8px;margin-left: calc(-4% \/ 2 );margin-right: calc(-4% \/ 2 );\"><div class=\"fusion-layout-column fusion_builder_column fusion-builder-column-0 fusion_builder_column_1_1 1_1 fusion-flex-column\" style=\"--awb-bg-size:cover;--awb-width-large:100%;--awb-margin-top-large:15px;--awb-spacing-right-large:1.92%;--awb-margin-bottom-large:15px;--awb-spacing-left-large:1.92%;--awb-width-medium:100%;--awb-order-medium:0;--awb-spacing-right-medium:1.92%;--awb-spacing-left-medium:1.92%;--awb-width-small:100%;--awb-order-small:0;--awb-spacing-right-small:1.92%;--awb-spacing-left-small:1.92%;\"><div class=\"fusion-column-wrapper fusion-column-has-shadow fusion-flex-justify-content-flex-start fusion-content-layout-column\"><div class=\"fusion-title title fusion-title-1 fusion-sep-none fusion-title-center fusion-title-text fusion-title-size-two\" style=\"--awb-text-color:var(--awb-color6);--awb-margin-bottom:0px;--awb-font-size:42px;\"><h2 class=\"fusion-title-heading title-heading-center fusion-responsive-typography-calculated\" style=\"font-family:&quot;Inter&quot;;font-style:normal;font-weight:700;margin:0;text-transform:none;font-size:1em;--fontSize:42;line-height:1;\"><img decoding=\"async\" class=\"lazyload alignnone wp-image-1510\" src=\"data:image\/gif;base64,R0lGODlhAQABAAAAACH5BAEKAAEALAAAAAABAAEAAAICTAEAOw==\" data-orig-src=\"https:\/\/www.metadestination.eu\/wp-content\/uploads\/2025\/11\/favicon.svg\" alt=\"ast\u00e9risque\" width=\"35\">  Enregistrez votre entreprise<\/h2><\/div><\/div><\/div><div class=\"fusion-layout-column fusion_builder_column fusion-builder-column-1 fusion_builder_column_1_2 1_2 fusion-flex-column\" style=\"--awb-bg-size:cover;--awb-width-large:50%;--awb-margin-top-large:15px;--awb-spacing-right-large:3.84%;--awb-margin-bottom-large:15px;--awb-spacing-left-large:3.84%;--awb-width-medium:100%;--awb-order-medium:0;--awb-spacing-right-medium:1.92%;--awb-spacing-left-medium:1.92%;--awb-width-small:100%;--awb-order-small:0;--awb-spacing-right-small:1.92%;--awb-spacing-left-small:1.92%;\"><div class=\"fusion-column-wrapper fusion-column-has-shadow fusion-flex-justify-content-flex-start fusion-content-layout-column\"><div class=\"fusion-text fusion-text-1\">\n<div class=\"um um-register um-2791\">\n\t<div class=\"um-form\" data-mode=\"register\">\n\t\t<form method=\"post\" action=\"\">\n\t\t\t<div class=\"um-row _um_row_1 \" style=\"margin: 0 0 30px 0;\"><div class=\"um-col-1\"><div  id=\"um_field_2791_denominazione\" class=\"um-field um-field-text  um-field-denominazione um-field-text um-field-type_text\" data-key=\"denominazione\" data-max_chars=\"50\"><div class=\"um-field-label\"><label for=\"denominazione-2791\">Nom de l&#039;entreprise \/ nom professionnel<span class=\"um-req\" title=\"Obligatoire\">*<\/span><\/label><div class=\"um-clear\"><\/div><\/div><div class=\"um-field-area\"><input  autocomplete=\"off\" class=\"um-form-field valid \" type=\"text\" name=\"denominazione-2791\" id=\"denominazione-2791\" value=\"\" placeholder=\"\" data-validate=\"\" data-key=\"denominazione\"  aria-invalid=\"false\" \/>\n\n\t\t\t\t\t\t<\/div><\/div><div  id=\"um_field_2791_impresa_referente\" class=\"um-field um-field-text  um-field-impresa_referente um-field-text um-field-type_text\" data-key=\"impresa_referente\" data-max_chars=\"50\"><div class=\"um-field-label\"><label for=\"impresa_referente-2791\">Personne<span class=\"um-req\" title=\"Obligatoire\">*<\/span><\/label><div class=\"um-clear\"><\/div><\/div><div class=\"um-field-area\"><input  autocomplete=\"off\" class=\"um-form-field valid \" type=\"text\" name=\"impresa_referente-2791\" id=\"impresa_referente-2791\" value=\"\" placeholder=\"\" data-validate=\"\" data-key=\"impresa_referente\"  aria-invalid=\"false\" \/>\n\n\t\t\t\t\t\t<\/div><\/div><div  id=\"um_field_2791_impresa_ruolo\" class=\"um-field um-field-text  um-field-impresa_ruolo um-field-text um-field-type_text\" data-key=\"impresa_ruolo\" data-max_chars=\"50\"><div class=\"um-field-label\"><label for=\"impresa_ruolo-2791\">R\u00f4le de contact<\/label><div class=\"um-clear\"><\/div><\/div><div class=\"um-field-area\"><input  autocomplete=\"off\" class=\"um-form-field valid not-required \" type=\"text\" name=\"impresa_ruolo-2791\" id=\"impresa_ruolo-2791\" value=\"\" placeholder=\"\" data-validate=\"\" data-key=\"impresa_ruolo\"  aria-invalid=\"false\" \/>\n\n\t\t\t\t\t\t<\/div><\/div><div  id=\"um_field_2791_user_email\" class=\"um-field um-field-text  um-field-user_email um-field-text um-field-type_text\" data-key=\"user_email\" data-max_chars=\"50\"><div class=\"um-field-label\"><label for=\"user_email-2791\">Messagerie \u00e9lectronique<span class=\"um-req\" title=\"Obligatoire\">*<\/span><\/label><div class=\"um-clear\"><\/div><\/div><div class=\"um-field-area\"><input  autocomplete=\"off\" class=\"um-form-field valid \" type=\"text\" name=\"user_email-2791\" id=\"user_email-2791\" value=\"\" placeholder=\"\" data-validate=\"unique_email\" data-key=\"user_email\"  aria-invalid=\"false\" \/>\n\n\t\t\t\t\t\t<\/div><\/div><div  id=\"um_field_2791_impresa_web\" class=\"um-field um-field-text  um-field-impresa_web um-field-text um-field-type_text\" data-key=\"impresa_web\" data-max_chars=\"50\"><div class=\"um-field-label\"><label for=\"impresa_web-2791\">Site web ou portefeuille<\/label><div class=\"um-clear\"><\/div><\/div><div class=\"um-field-area\"><input  autocomplete=\"off\" class=\"um-form-field valid not-required \" type=\"text\" name=\"impresa_web-2791\" id=\"impresa_web-2791\" value=\"\" placeholder=\"\" data-validate=\"\" data-key=\"impresa_web\"  aria-invalid=\"false\" \/>\n\n\t\t\t\t\t\t<\/div><\/div><div  id=\"um_field_2791_impresa_telefono\" class=\"um-field um-field-text  um-field-impresa_telefono um-field-text um-field-type_text\" data-key=\"impresa_telefono\" data-max_chars=\"50\"><div class=\"um-field-label\"><label for=\"impresa_telefono-2791\">Contact t\u00e9l\u00e9phonique<\/label><div class=\"um-clear\"><\/div><\/div><div class=\"um-field-area\"><input  autocomplete=\"off\" class=\"um-form-field valid not-required \" type=\"text\" name=\"impresa_telefono-2791\" id=\"impresa_telefono-2791\" value=\"\" placeholder=\"\" data-validate=\"\" data-key=\"impresa_telefono\"  aria-invalid=\"false\" \/>\n\n\t\t\t\t\t\t<\/div><\/div><div  id=\"um_field_2791_impresa_settore\" class=\"um-field um-field-select  um-field-impresa_settore um-field-select um-field-type_select\" data-key=\"impresa_settore\"><div class=\"um-field-label\"><label for=\"impresa_settore-2791\">Secteur principal d&#039;activit\u00e9<span class=\"um-req\" title=\"Obligatoire\">*<\/span><\/label><div class=\"um-clear\"><\/div><\/div><div class=\"um-field-area  \"><select data-default=\"\"     name=\"impresa_settore\" id=\"impresa_settore\" data-validate=\"\" data-key=\"impresa_settore\" class=\"um-form-field valid um-s1 \" style=\"width: 100%\" data-placeholder=\"\"   aria-invalid=\"false\" ><option value=\"\"><\/option><option value=\"Tourisme\" >Tourisme<\/option><option value=\"Culture\" >Culture<\/option><option value=\"Num\u00e9rique\" >Num\u00e9rique<\/option><option value=\"Industries cr\u00e9atives\" >Industries cr\u00e9atives<\/option><option value=\"Innovation technologique\" >Innovation technologique<\/option><option value=\"Communication\" >Communication<\/option><\/select><\/div><\/div><div  id=\"um_field_2791_impresa_servizi\" class=\"um-field um-field-textarea  um-field-impresa_servizi um-field-textarea um-field-type_textarea\" data-key=\"impresa_servizi\" data-max_chars=\"3000\" data-max_words=\"3000\"><div class=\"um-field-label\"><label for=\"impresa_servizi-2791\">Description des services propos\u00e9s<span class=\"um-req\" title=\"Obligatoire\">*<\/span><\/label><div class=\"um-clear\"><\/div><\/div><div class=\"um-field-area\"><textarea    style=\"height: 100px;\" class=\"um-form-field valid \" name=\"impresa_servizi\" id=\"impresa_servizi\" placeholder=\"\"  aria-invalid=\"false\" ><\/textarea><\/div><\/div><div  id=\"um_field_2791_impresa_esperienze\" class=\"um-field um-field-textarea  um-field-impresa_esperienze um-field-textarea um-field-type_textarea\" data-key=\"impresa_esperienze\" data-max_chars=\"3000\" data-max_words=\"3000\"><div class=\"um-field-label\"><label for=\"impresa_esperienze-2791\">Avez-vous d\u00e9j\u00e0 eu une exp\u00e9rience avec des organismes publics ou des destinations<\/label><div class=\"um-clear\"><\/div><\/div><div class=\"um-field-area\"><textarea    style=\"height: 100px;\" class=\"um-form-field valid not-required \" name=\"impresa_esperienze\" id=\"impresa_esperienze\" placeholder=\"\"  aria-invalid=\"false\" ><\/textarea><\/div><\/div><div  class=\"um-field um-field-divider  um-field-divider um-field-type_divider\" data-key=\"um_divider_1903_6\" style=\"border-bottom:4px solid #eeeeee;\"><\/div><div  id=\"um_field_2791_user_login\" class=\"um-field um-field-text  um-field-user_login um-field-text um-field-type_text\" data-key=\"user_login\" data-max_chars=\"25\"><div class=\"um-field-label\"><label for=\"user_login-2791\">Nom d&#039;utilisateur<span class=\"um-req\" title=\"Obligatoire\">*<\/span><\/label><div class=\"um-clear\"><\/div><\/div><div class=\"um-field-area\"><input  autocomplete=\"off\" class=\"um-form-field valid \" type=\"text\" name=\"user_login-2791\" id=\"user_login-2791\" value=\"\" placeholder=\"\" data-validate=\"unique_username\" data-key=\"user_login\"  aria-invalid=\"false\" \/>\n\n\t\t\t\t\t\t<\/div><\/div><div  id=\"um_field_2791_user_password\" class=\"um-field um-field-password  um-field-user_password um-field-password um-field-type_password\" data-key=\"user_password\" data-max_chars=\"25\"><div class=\"um-field-label\"><label for=\"user_password-2791\">Mot de passe<span class=\"um-req\" title=\"Obligatoire\">*<\/span><\/label><div class=\"um-clear\"><\/div><\/div><div class=\"um-field-area\"><div class=\"um-field-area-password\">\n\t\t\t\t\t\t\t\t\t<input class=\"um-form-field valid \" type=\"password\" name=\"user_password-2791\" id=\"user_password-2791\" value=\"\" placeholder=\"\" data-validate=\"\" data-key=\"user_password\"  aria-invalid=\"false\" \/>\n\t\t\t\t\t\t\t\t\t<span class=\"um-toggle-password\"><i class=\"um-icon-eye\"><\/i><\/span>\n\t\t\t\t\t\t\t\t<\/div>\n\t\t\t\t\t\t\t<\/div><\/div><div  id=\"um_field_2791_confirm_user_password\" class=\"um-field um-field-password  um-field-user_password um-field-password um-field-type_password\" data-key=\"confirm_user_password\" data-max_chars=\"25\"><div class=\"um-field-label\"><label for=\"confirm_user_password-2791\">Confirmer le Mot de passe<span class=\"um-req\" title=\"Obligatoire\">*<\/span><\/label><div class=\"um-clear\"><\/div><\/div><div class=\"um-field-area\"><div class=\"um-field-area-password\"><input class=\"um-form-field valid \" type=\"password\" name=\"confirm_user_password-2791\" id=\"confirm_user_password-2791\" value=\"\" placeholder=\"Confirmer le Mot de passe\" data-validate=\"\" data-key=\"confirm_user_password\"  aria-invalid=\"false\" \/><span class=\"um-toggle-password\"><i class=\"um-icon-eye\"><\/i><\/span><\/div><\/div><\/div><div  class=\"um-field um-field-divider  um-field-divider um-field-type_divider\" data-key=\"um_divider_2791_14\" style=\"border-bottom:4px solid #eeeeee;\"><\/div><div  id=\"um_field_2791_informativa\" class=\"um-field um-field-checkbox  um-field-informativa um-field-checkbox um-field-type_checkbox\" data-key=\"informativa\"  aria-invalid=\"false\" ><div class=\"um-field-area\"><label class=\"um-field-checkbox  um-field-half  um-field-radio-state-disabled\"><input   type=\"checkbox\" name=\"informativa[]\" value=\"Je d\u00e9clare avoir lu et compris la politique de confidentialit\u00e9, et que je consens au traitement des donn\u00e9es conform\u00e9ment au R\u00e8glement (UE) 2016\/679 (RGPD).\"  \/><span class=\"um-field-checkbox-state\"><i class=\"um-icon-android-checkbox-outline-blank\"><\/i><\/span><span class=\"um-field-checkbox-option\">Je d\u00e9clare avoir lu et compris la politique de confidentialit\u00e9, et que je consens au traitement des donn\u00e9es conform\u00e9ment au R\u00e8glement (UE) 2016\/679 (RGPD).<\/span><\/label><div class=\"um-clear\"><\/div><\/div><\/div><div  id=\"um_field_2791_pubblicazione\" class=\"um-field um-field-checkbox  um-field-pubblicazione um-field-checkbox um-field-type_checkbox\" data-key=\"pubblicazione\"  aria-invalid=\"false\" ><div class=\"um-field-area\"><label class=\"um-field-checkbox  um-field-half  um-field-radio-state-disabled\"><input   type=\"checkbox\" name=\"pubblicazione[]\" value=\"J&#039;accepte de rejoindre le r\u00e9seau META-DEST et j&#039;autorise l&#039;utilisation et la publication des donn\u00e9es fournies \u00e0 des fins exclusivement li\u00e9es au r\u00e9seautage et aux connexions avec les Destinations.\"  \/><span class=\"um-field-checkbox-state\"><i class=\"um-icon-android-checkbox-outline-blank\"><\/i><\/span><span class=\"um-field-checkbox-option\">J&#039;accepte de rejoindre le r\u00e9seau META-DEST et j&#039;autorise l&#039;utilisation et la publication des donn\u00e9es fournies \u00e0 des fins exclusivement li\u00e9es au r\u00e9seautage et aux connexions avec les Destinations.<\/span><\/label><div class=\"um-clear\"><\/div><\/div><\/div><\/div><\/div>\t<input type=\"hidden\" name=\"form_id\" id=\"form_id_2791\" value=\"2791\" \/>\n\t\t<p class=\"um_request_name\">\n\t\t<label for=\"um_request_2791\">Only fill in if you are not human<\/label>\n\t\t<input type=\"hidden\" name=\"um_request\" id=\"um_request_2791\" class=\"input\" value=\"\" size=\"25\" autocomplete=\"off\" \/>\n\t<\/p>\n\t<input type=\"hidden\" id=\"_wpnonce\" name=\"_wpnonce\" value=\"88fd197dbb\" \/><input type=\"hidden\" name=\"_wp_http_referer\" value=\"\/fr\/wp-json\/wp\/v2\/pages\/2644\" \/>R\u00e9solvez cette t\u00e2che simple: 5 + 5 = ?<input  type='text'  name='captcha' value=''\/>\n\t<div class=\"um-col-alt\">\n\n\t\t\n\t\t\t<div class=\"um-left um-half\">\n\t\t\t\t<input type=\"submit\" value=\"Recommand\u00e9\" class=\"um-button\" id=\"um-submit-btn\" \/>\n\t\t\t<\/div>\n\t\t\t<div class=\"um-right um-half\">\n\t\t\t\t<a href=\"https:\/\/www.metadestination.eu\/fr\/connexion\/\" class=\"um-button um-alt\">\n\t\t\t\t\tS'identifier\t\t\t\t<\/a>\n\t\t\t<\/div>\n\n\t\t\n\t\t<div class=\"um-clear\"><\/div>\n\n\t<\/div>\n\n\t\t\t<\/form>\n\t<\/div>\n<\/div>\n<style>\n\t\t\t.um-2791.um {\n\t\t\tmax-width: 1000;\n\t\t}\n\t\t<\/style>\n\n<\/div><\/div><\/div><\/div><\/div>\n","protected":false},"excerpt":{"rendered":"","protected":false},"author":1,"featured_media":0,"parent":0,"menu_order":0,"comment_status":"closed","ping_status":"closed","template":"100-width.php","meta":{"_acf_changed":false,"footnotes":""},"class_list":["post-2644","page","type-page","status-publish","hentry"],"acf":[],"yoast_head":"<!-- This site is optimized with the Yoast SEO plugin v26.4 - https:\/\/yoast.com\/wordpress\/plugins\/seo\/ -->\n<title>Enregistrer l&#039;entreprise - MetaDest<\/title>\n<meta name=\"robots\" content=\"index, follow, max-snippet:-1, max-image-preview:large, max-video-preview:-1\" \/>\n<link rel=\"canonical\" href=\"https:\/\/www.metadestination.eu\/fr\/enregistrer-lentreprise\/\" \/>\n<meta property=\"og:locale\" content=\"fr_FR\" \/>\n<meta property=\"og:type\" content=\"article\" \/>\n<meta property=\"og:title\" content=\"Enregistrer l&#039;entreprise - MetaDest\" \/>\n<meta property=\"og:url\" content=\"https:\/\/www.metadestination.eu\/fr\/enregistrer-lentreprise\/\" \/>\n<meta property=\"og:site_name\" content=\"MetaDest\" \/>\n<meta property=\"article:modified_time\" content=\"2025-11-25T16:03:12+00:00\" \/>\n<meta property=\"og:image\" content=\"https:\/\/www.metadestination.eu\/wp-content\/uploads\/2025\/11\/favicon.svg\" \/>\n<meta name=\"twitter:card\" content=\"summary_large_image\" \/>\n<meta name=\"twitter:label1\" content=\"Dur\u00e9e de lecture estim\u00e9e\" \/>\n\t<meta name=\"twitter:data1\" content=\"9 minutes\" \/>\n<script type=\"application\/ld+json\" class=\"yoast-schema-graph\">{\"@context\":\"https:\/\/schema.org\",\"@graph\":[{\"@type\":\"WebPage\",\"@id\":\"https:\/\/www.metadestination.eu\/fr\/enregistrer-lentreprise\/\",\"url\":\"https:\/\/www.metadestination.eu\/fr\/enregistrer-lentreprise\/\",\"name\":\"Enregistrer l'entreprise - MetaDest\",\"isPartOf\":{\"@id\":\"https:\/\/www.metadestination.eu\/#website\"},\"primaryImageOfPage\":{\"@id\":\"https:\/\/www.metadestination.eu\/fr\/enregistrer-lentreprise\/#primaryimage\"},\"image\":{\"@id\":\"https:\/\/www.metadestination.eu\/fr\/enregistrer-lentreprise\/#primaryimage\"},\"thumbnailUrl\":\"https:\/\/www.metadestination.eu\/wp-content\/uploads\/2025\/11\/favicon.svg\",\"datePublished\":\"2025-11-12T15:04:55+00:00\",\"dateModified\":\"2025-11-25T16:03:12+00:00\",\"breadcrumb\":{\"@id\":\"https:\/\/www.metadestination.eu\/fr\/enregistrer-lentreprise\/#breadcrumb\"},\"inLanguage\":\"fr-FR\",\"potentialAction\":[{\"@type\":\"ReadAction\",\"target\":[\"https:\/\/www.metadestination.eu\/fr\/enregistrer-lentreprise\/\"]}]},{\"@type\":\"ImageObject\",\"inLanguage\":\"fr-FR\",\"@id\":\"https:\/\/www.metadestination.eu\/fr\/enregistrer-lentreprise\/#primaryimage\",\"url\":\"https:\/\/www.metadestination.eu\/wp-content\/uploads\/2025\/11\/favicon.svg\",\"contentUrl\":\"https:\/\/www.metadestination.eu\/wp-content\/uploads\/2025\/11\/favicon.svg\"},{\"@type\":\"BreadcrumbList\",\"@id\":\"https:\/\/www.metadestination.eu\/fr\/enregistrer-lentreprise\/#breadcrumb\",\"itemListElement\":[{\"@type\":\"ListItem\",\"position\":1,\"name\":\"Home\",\"item\":\"https:\/\/www.metadestination.eu\/fr\/home\/\"},{\"@type\":\"ListItem\",\"position\":2,\"name\":\"Enregistrer l&#8217;entreprise\"}]},{\"@type\":\"WebSite\",\"@id\":\"https:\/\/www.metadestination.eu\/#website\",\"url\":\"https:\/\/www.metadestination.eu\/\",\"name\":\"MetaDest\",\"description\":\"\",\"potentialAction\":[{\"@type\":\"SearchAction\",\"target\":{\"@type\":\"EntryPoint\",\"urlTemplate\":\"https:\/\/www.metadestination.eu\/?s={search_term_string}\"},\"query-input\":{\"@type\":\"PropertyValueSpecification\",\"valueRequired\":true,\"valueName\":\"search_term_string\"}}],\"inLanguage\":\"fr-FR\"}]}<\/script>\n<!-- \/ Yoast SEO plugin. -->","yoast_head_json":{"title":"Enregistrer l'entreprise - MetaDest","robots":{"index":"index","follow":"follow","max-snippet":"max-snippet:-1","max-image-preview":"max-image-preview:large","max-video-preview":"max-video-preview:-1"},"canonical":"https:\/\/www.metadestination.eu\/fr\/enregistrer-lentreprise\/","og_locale":"fr_FR","og_type":"article","og_title":"Enregistrer l'entreprise - MetaDest","og_url":"https:\/\/www.metadestination.eu\/fr\/enregistrer-lentreprise\/","og_site_name":"MetaDest","article_modified_time":"2025-11-25T16:03:12+00:00","og_image":[{"url":"https:\/\/www.metadestination.eu\/wp-content\/uploads\/2025\/11\/favicon.svg","type":"","width":"","height":""}],"twitter_card":"summary_large_image","twitter_misc":{"Dur\u00e9e de lecture estim\u00e9e":"9 minutes"},"schema":{"@context":"https:\/\/schema.org","@graph":[{"@type":"WebPage","@id":"https:\/\/www.metadestination.eu\/fr\/enregistrer-lentreprise\/","url":"https:\/\/www.metadestination.eu\/fr\/enregistrer-lentreprise\/","name":"Enregistrer l'entreprise - MetaDest","isPartOf":{"@id":"https:\/\/www.metadestination.eu\/#website"},"primaryImageOfPage":{"@id":"https:\/\/www.metadestination.eu\/fr\/enregistrer-lentreprise\/#primaryimage"},"image":{"@id":"https:\/\/www.metadestination.eu\/fr\/enregistrer-lentreprise\/#primaryimage"},"thumbnailUrl":"https:\/\/www.metadestination.eu\/wp-content\/uploads\/2025\/11\/favicon.svg","datePublished":"2025-11-12T15:04:55+00:00","dateModified":"2025-11-25T16:03:12+00:00","breadcrumb":{"@id":"https:\/\/www.metadestination.eu\/fr\/enregistrer-lentreprise\/#breadcrumb"},"inLanguage":"fr-FR","potentialAction":[{"@type":"ReadAction","target":["https:\/\/www.metadestination.eu\/fr\/enregistrer-lentreprise\/"]}]},{"@type":"ImageObject","inLanguage":"fr-FR","@id":"https:\/\/www.metadestination.eu\/fr\/enregistrer-lentreprise\/#primaryimage","url":"https:\/\/www.metadestination.eu\/wp-content\/uploads\/2025\/11\/favicon.svg","contentUrl":"https:\/\/www.metadestination.eu\/wp-content\/uploads\/2025\/11\/favicon.svg"},{"@type":"BreadcrumbList","@id":"https:\/\/www.metadestination.eu\/fr\/enregistrer-lentreprise\/#breadcrumb","itemListElement":[{"@type":"ListItem","position":1,"name":"Home","item":"https:\/\/www.metadestination.eu\/fr\/home\/"},{"@type":"ListItem","position":2,"name":"Enregistrer l&#8217;entreprise"}]},{"@type":"WebSite","@id":"https:\/\/www.metadestination.eu\/#website","url":"https:\/\/www.metadestination.eu\/","name":"MetaDest","description":"","potentialAction":[{"@type":"SearchAction","target":{"@type":"EntryPoint","urlTemplate":"https:\/\/www.metadestination.eu\/?s={search_term_string}"},"query-input":{"@type":"PropertyValueSpecification","valueRequired":true,"valueName":"search_term_string"}}],"inLanguage":"fr-FR"}]}},"_links":{"self":[{"href":"https:\/\/www.metadestination.eu\/fr\/wp-json\/wp\/v2\/pages\/2644","targetHints":{"allow":["GET"]}}],"collection":[{"href":"https:\/\/www.metadestination.eu\/fr\/wp-json\/wp\/v2\/pages"}],"about":[{"href":"https:\/\/www.metadestination.eu\/fr\/wp-json\/wp\/v2\/types\/page"}],"author":[{"embeddable":true,"href":"https:\/\/www.metadestination.eu\/fr\/wp-json\/wp\/v2\/users\/1"}],"replies":[{"embeddable":true,"href":"https:\/\/www.metadestination.eu\/fr\/wp-json\/wp\/v2\/comments?post=2644"}],"version-history":[{"count":4,"href":"https:\/\/www.metadestination.eu\/fr\/wp-json\/wp\/v2\/pages\/2644\/revisions"}],"predecessor-version":[{"id":2795,"href":"https:\/\/www.metadestination.eu\/fr\/wp-json\/wp\/v2\/pages\/2644\/revisions\/2795"}],"wp:attachment":[{"href":"https:\/\/www.metadestination.eu\/fr\/wp-json\/wp\/v2\/media?parent=2644"}],"curies":[{"name":"wp","href":"https:\/\/api.w.org\/{rel}","templated":true}]}}